{"id":430,"date":"2023-05-25T22:55:59","date_gmt":"2023-05-25T19:55:59","guid":{"rendered":"https:\/\/gazebo-installation.com\/opiniones-de-clientes-montaje-e-instalacion-de-cenadores\/"},"modified":"2024-01-26T23:15:16","modified_gmt":"2024-01-26T20:15:16","slug":"opiniones-de-clientes-montaje-e-instalacion-de-cenadores","status":"publish","type":"page","link":"https:\/\/elytra-pavilion.com\/es\/opiniones-de-clientes-montaje-e-instalacion-de-cenadores\/","title":{"rendered":"Opiniones de clientes: Montaje e instalaci\u00f3n de cenadores"},"content":{"rendered":"\n<p>Bienvenido a nuestra p\u00e1gina de opiniones de clientes sobre montaje e instalaci\u00f3n de cenadores.<\/p>\n\n<p>Estamos orgullosos de ofrecer excelentes servicios de montaje e instalaci\u00f3n de cenadores, p\u00e9rgolas y otros productos para el patio trasero. Nuestro equipo de profesionales est\u00e1 siempre dispuesto a prestar servicios de instalaci\u00f3n de alta calidad y a mejorar su zona exterior.<\/p>\n\n<p>Le invitamos a consultar las opiniones de nuestros clientes. Nuestros clientes est\u00e1n satisfechos con la calidad de nuestros productos y servicios, as\u00ed como con la profesionalidad de nuestro equipo. Valoramos a cada uno de nuestros clientes y hacemos todo lo posible para garantizar su satisfacci\u00f3n con nuestro trabajo.<\/p>\n\n<p>Gracias por elegir nuestra empresa. Si tiene alguna pregunta o comentario, no dude en ponerse en contacto con nosotros.<\/p>\n","protected":false},"excerpt":{"rendered":"<p>Bienvenido a nuestra p\u00e1gina de opiniones de clientes sobre montaje e instalaci\u00f3n de cenadores. Estamos orgullosos de ofrecer excelentes servicios de montaje e instalaci\u00f3n de cenadores, p\u00e9rgolas y otros productos para el patio trasero. Nuestro equipo de profesionales est\u00e1 siempre dispuesto a prestar servicios de instalaci\u00f3n de alta calidad y a mejorar su zona exterior. [&hellip;]<\/p>\n","protected":false},"author":1,"featured_media":0,"parent":0,"menu_order":0,"comment_status":"open","ping_status":"closed","template":"","meta":{"_glsr_average":0,"_glsr_ranking":0,"_glsr_reviews":0,"footnotes":""},"class_list":["post-430","page","type-page","status-publish",""],"yoast_head":"<!-- This site is optimized with the Yoast SEO plugin v22.2 - https:\/\/yoast.com\/wordpress\/plugins\/seo\/ -->\n<title>Opiniones de clientes: Montaje e instalaci\u00f3n de cenadores<\/title>\n<meta name=\"robots\" content=\"index, follow, max-snippet:-1, max-image-preview:large, max-video-preview:-1\" \/>\n<link rel=\"canonical\" href=\"http:\/\/elytra-pavilion.com\/es\/opiniones-de-clientes-montaje-e-instalacion-de-cenadores\/\" \/>\n<meta property=\"og:locale\" content=\"es_ES\" \/>\n<meta property=\"og:type\" content=\"article\" \/>\n<meta property=\"og:title\" content=\"Opiniones de clientes: Montaje e instalaci\u00f3n de cenadores\" \/>\n<meta property=\"og:description\" content=\"Bienvenido a nuestra p\u00e1gina de opiniones de clientes sobre montaje e instalaci\u00f3n de cenadores. Estamos orgullosos de ofrecer excelentes servicios de montaje e instalaci\u00f3n de cenadores, p\u00e9rgolas y otros productos para el patio trasero. Nuestro equipo de profesionales est\u00e1 siempre dispuesto a prestar servicios de instalaci\u00f3n de alta calidad y a mejorar su zona exterior. [&hellip;]\" \/>\n<meta property=\"og:url\" content=\"http:\/\/elytra-pavilion.com\/es\/opiniones-de-clientes-montaje-e-instalacion-de-cenadores\/\" \/>\n<meta property=\"og:site_name\" content=\"Gazebo Assembly &amp; Installation\" \/>\n<meta property=\"article:publisher\" content=\"https:\/\/www.youtube.com\/channel\/UCwc_3fWG5wJZzZoYmozmYIg\" \/>\n<meta property=\"article:modified_time\" content=\"2024-01-26T20:15:16+00:00\" \/>\n<meta name=\"twitter:card\" content=\"summary_large_image\" \/>\n<meta name=\"twitter:site\" content=\"@MarkThomps2387\" \/>\n<meta name=\"twitter:label1\" content=\"Tiempo de lectura\" \/>\n\t<meta name=\"twitter:data1\" content=\"1 minuto\" \/>\n<script type=\"application\/ld+json\" class=\"yoast-schema-graph\">{\"@context\":\"https:\/\/schema.org\",\"@graph\":[{\"@type\":\"WebPage\",\"@id\":\"http:\/\/elytra-pavilion.com\/es\/opiniones-de-clientes-montaje-e-instalacion-de-cenadores\/\",\"url\":\"http:\/\/elytra-pavilion.com\/es\/opiniones-de-clientes-montaje-e-instalacion-de-cenadores\/\",\"name\":\"Opiniones de clientes: Montaje e instalaci\u00f3n de cenadores\",\"isPartOf\":{\"@id\":\"http:\/\/elytra-pavilion.com\/#website\"},\"datePublished\":\"2023-05-25T19:55:59+00:00\",\"dateModified\":\"2024-01-26T20:15:16+00:00\",\"breadcrumb\":{\"@id\":\"http:\/\/elytra-pavilion.com\/es\/opiniones-de-clientes-montaje-e-instalacion-de-cenadores\/#breadcrumb\"},\"inLanguage\":\"es\",\"potentialAction\":[{\"@type\":\"ReadAction\",\"target\":[\"http:\/\/elytra-pavilion.com\/es\/opiniones-de-clientes-montaje-e-instalacion-de-cenadores\/\"]}]},{\"@type\":\"BreadcrumbList\",\"@id\":\"http:\/\/elytra-pavilion.com\/es\/opiniones-de-clientes-montaje-e-instalacion-de-cenadores\/#breadcrumb\",\"itemListElement\":[{\"@type\":\"ListItem\",\"position\":1,\"name\":\"Portada\",\"item\":\"http:\/\/elytra-pavilion.com\/es\/\"},{\"@type\":\"ListItem\",\"position\":2,\"name\":\"Opiniones de clientes: Montaje e instalaci\u00f3n de cenadores\"}]},{\"@type\":\"WebSite\",\"@id\":\"http:\/\/elytra-pavilion.com\/#website\",\"url\":\"http:\/\/elytra-pavilion.com\/\",\"name\":\"Gazebo Assembly &amp; Installation\",\"description\":\"\",\"potentialAction\":[{\"@type\":\"SearchAction\",\"target\":{\"@type\":\"EntryPoint\",\"urlTemplate\":\"http:\/\/elytra-pavilion.com\/?s={search_term_string}\"},\"query-input\":\"required name=search_term_string\"}],\"inLanguage\":\"es\"}]}<\/script>\n<!-- \/ Yoast SEO plugin. -->","yoast_head_json":{"title":"Opiniones de clientes: Montaje e instalaci\u00f3n de cenadores","robots":{"index":"index","follow":"follow","max-snippet":"max-snippet:-1","max-image-preview":"max-image-preview:large","max-video-preview":"max-video-preview:-1"},"canonical":"http:\/\/elytra-pavilion.com\/es\/opiniones-de-clientes-montaje-e-instalacion-de-cenadores\/","og_locale":"es_ES","og_type":"article","og_title":"Opiniones de clientes: Montaje e instalaci\u00f3n de cenadores","og_description":"Bienvenido a nuestra p\u00e1gina de opiniones de clientes sobre montaje e instalaci\u00f3n de cenadores. Estamos orgullosos de ofrecer excelentes servicios de montaje e instalaci\u00f3n de cenadores, p\u00e9rgolas y otros productos para el patio trasero. Nuestro equipo de profesionales est\u00e1 siempre dispuesto a prestar servicios de instalaci\u00f3n de alta calidad y a mejorar su zona exterior. [&hellip;]","og_url":"http:\/\/elytra-pavilion.com\/es\/opiniones-de-clientes-montaje-e-instalacion-de-cenadores\/","og_site_name":"Gazebo Assembly &amp; Installation","article_publisher":"https:\/\/www.youtube.com\/channel\/UCwc_3fWG5wJZzZoYmozmYIg","article_modified_time":"2024-01-26T20:15:16+00:00","twitter_card":"summary_large_image","twitter_site":"@MarkThomps2387","twitter_misc":{"Tiempo de lectura":"1 minuto"},"schema":{"@context":"https:\/\/schema.org","@graph":[{"@type":"WebPage","@id":"http:\/\/elytra-pavilion.com\/es\/opiniones-de-clientes-montaje-e-instalacion-de-cenadores\/","url":"http:\/\/elytra-pavilion.com\/es\/opiniones-de-clientes-montaje-e-instalacion-de-cenadores\/","name":"Opiniones de clientes: Montaje e instalaci\u00f3n de cenadores","isPartOf":{"@id":"http:\/\/elytra-pavilion.com\/#website"},"datePublished":"2023-05-25T19:55:59+00:00","dateModified":"2024-01-26T20:15:16+00:00","breadcrumb":{"@id":"http:\/\/elytra-pavilion.com\/es\/opiniones-de-clientes-montaje-e-instalacion-de-cenadores\/#breadcrumb"},"inLanguage":"es","potentialAction":[{"@type":"ReadAction","target":["http:\/\/elytra-pavilion.com\/es\/opiniones-de-clientes-montaje-e-instalacion-de-cenadores\/"]}]},{"@type":"BreadcrumbList","@id":"http:\/\/elytra-pavilion.com\/es\/opiniones-de-clientes-montaje-e-instalacion-de-cenadores\/#breadcrumb","itemListElement":[{"@type":"ListItem","position":1,"name":"Portada","item":"http:\/\/elytra-pavilion.com\/es\/"},{"@type":"ListItem","position":2,"name":"Opiniones de clientes: Montaje e instalaci\u00f3n de cenadores"}]},{"@type":"WebSite","@id":"http:\/\/elytra-pavilion.com\/#website","url":"http:\/\/elytra-pavilion.com\/","name":"Gazebo Assembly &amp; Installation","description":"","potentialAction":[{"@type":"SearchAction","target":{"@type":"EntryPoint","urlTemplate":"http:\/\/elytra-pavilion.com\/?s={search_term_string}"},"query-input":"required name=search_term_string"}],"inLanguage":"es"}]}},"_links":{"self":[{"href":"https:\/\/elytra-pavilion.com\/es\/wp-json\/wp\/v2\/pages\/430","targetHints":{"allow":["GET"]}}],"collection":[{"href":"https:\/\/elytra-pavilion.com\/es\/wp-json\/wp\/v2\/pages"}],"about":[{"href":"https:\/\/elytra-pavilion.com\/es\/wp-json\/wp\/v2\/types\/page"}],"author":[{"embeddable":true,"href":"https:\/\/elytra-pavilion.com\/es\/wp-json\/wp\/v2\/users\/1"}],"replies":[{"embeddable":true,"href":"https:\/\/elytra-pavilion.com\/es\/wp-json\/wp\/v2\/comments?post=430"}],"version-history":[{"count":1,"href":"https:\/\/elytra-pavilion.com\/es\/wp-json\/wp\/v2\/pages\/430\/revisions"}],"predecessor-version":[{"id":431,"href":"https:\/\/elytra-pavilion.com\/es\/wp-json\/wp\/v2\/pages\/430\/revisions\/431"}],"wp:attachment":[{"href":"https:\/\/elytra-pavilion.com\/es\/wp-json\/wp\/v2\/media?parent=430"}],"curies":[{"name":"wp","href":"https:\/\/api.w.org\/{rel}","templated":true}]}}