{"id":438,"date":"2023-05-25T22:55:59","date_gmt":"2023-05-25T19:55:59","guid":{"rendered":"https:\/\/gazebo-installation.com\/avis-des-clients-assemblage-et-installation-dun-gazebo\/"},"modified":"2024-01-26T23:16:17","modified_gmt":"2024-01-26T20:16:17","slug":"avis-des-clients-assemblage-et-installation-dun-gazebo","status":"publish","type":"page","link":"https:\/\/elytra-pavilion.com\/fr\/avis-des-clients-assemblage-et-installation-dun-gazebo\/","title":{"rendered":"Avis des clients : Assemblage et installation d&rsquo;un gazebo"},"content":{"rendered":"\n<p>Bienvenue sur notre page d&rsquo;avis de clients sur l&rsquo;assemblage et l&rsquo;installation d&rsquo;un gazebo !<\/p>\n\n<p>Nous sommes fiers de fournir d&rsquo;excellents services pour l&rsquo;assemblage et l&rsquo;installation de gazebos, de pergolas et d&rsquo;autres produits pour l&rsquo;arri\u00e8re-cour. Notre \u00e9quipe de professionnels est toujours pr\u00eate \u00e0 fournir des services d&rsquo;installation de haute qualit\u00e9 et \u00e0 am\u00e9liorer votre espace ext\u00e9rieur.<\/p>\n\n<p>Nous vous invitons \u00e0 consulter les commentaires de nos clients ci-dessous. Nos clients sont satisfaits de la qualit\u00e9 de nos produits et services, ainsi que du professionnalisme de notre \u00e9quipe. Nous accordons de l&rsquo;importance \u00e0 chacun de nos clients et faisons tout notre possible pour qu&rsquo;ils soient satisfaits de notre travail.<\/p>\n\n<p>Merci d&rsquo;avoir choisi notre entreprise ! Si vous avez des questions ou des commentaires, n&rsquo;h\u00e9sitez pas \u00e0 nous contacter.<\/p>\n","protected":false},"excerpt":{"rendered":"<p>Bienvenue sur notre page d&rsquo;avis de clients sur l&rsquo;assemblage et l&rsquo;installation d&rsquo;un gazebo ! Nous sommes fiers de fournir d&rsquo;excellents services pour l&rsquo;assemblage et l&rsquo;installation de gazebos, de pergolas et d&rsquo;autres produits pour l&rsquo;arri\u00e8re-cour. Notre \u00e9quipe de professionnels est toujours pr\u00eate \u00e0 fournir des services d&rsquo;installation de haute qualit\u00e9 et \u00e0 am\u00e9liorer votre espace ext\u00e9rieur. [&hellip;]<\/p>\n","protected":false},"author":1,"featured_media":0,"parent":0,"menu_order":0,"comment_status":"open","ping_status":"closed","template":"","meta":{"_glsr_average":0,"_glsr_ranking":0,"_glsr_reviews":0,"footnotes":""},"class_list":["post-438","page","type-page","status-publish",""],"yoast_head":"<!-- This site is optimized with the Yoast SEO plugin v22.2 - https:\/\/yoast.com\/wordpress\/plugins\/seo\/ -->\n<title>Avis des clients : Assemblage et installation d&#039;un gazebo<\/title>\n<meta name=\"robots\" content=\"index, follow, max-snippet:-1, max-image-preview:large, max-video-preview:-1\" \/>\n<link rel=\"canonical\" href=\"http:\/\/elytra-pavilion.com\/fr\/avis-des-clients-assemblage-et-installation-dun-gazebo\/\" \/>\n<meta property=\"og:locale\" content=\"fr_FR\" \/>\n<meta property=\"og:type\" content=\"article\" \/>\n<meta property=\"og:title\" content=\"Avis des clients : Assemblage et installation d&#039;un gazebo\" \/>\n<meta property=\"og:description\" content=\"Bienvenue sur notre page d&rsquo;avis de clients sur l&rsquo;assemblage et l&rsquo;installation d&rsquo;un gazebo ! Nous sommes fiers de fournir d&rsquo;excellents services pour l&rsquo;assemblage et l&rsquo;installation de gazebos, de pergolas et d&rsquo;autres produits pour l&rsquo;arri\u00e8re-cour. Notre \u00e9quipe de professionnels est toujours pr\u00eate \u00e0 fournir des services d&rsquo;installation de haute qualit\u00e9 et \u00e0 am\u00e9liorer votre espace ext\u00e9rieur. [&hellip;]\" \/>\n<meta property=\"og:url\" content=\"http:\/\/elytra-pavilion.com\/fr\/avis-des-clients-assemblage-et-installation-dun-gazebo\/\" \/>\n<meta property=\"og:site_name\" content=\"Gazebo Assembly &amp; Installation\" \/>\n<meta property=\"article:publisher\" content=\"https:\/\/www.youtube.com\/channel\/UCwc_3fWG5wJZzZoYmozmYIg\" \/>\n<meta property=\"article:modified_time\" content=\"2024-01-26T20:16:17+00:00\" \/>\n<meta name=\"twitter:card\" content=\"summary_large_image\" \/>\n<meta name=\"twitter:site\" content=\"@MarkThomps2387\" \/>\n<meta name=\"twitter:label1\" content=\"Dur\u00e9e de lecture estim\u00e9e\" \/>\n\t<meta name=\"twitter:data1\" content=\"1 minute\" \/>\n<script type=\"application\/ld+json\" class=\"yoast-schema-graph\">{\"@context\":\"https:\/\/schema.org\",\"@graph\":[{\"@type\":\"WebPage\",\"@id\":\"http:\/\/elytra-pavilion.com\/fr\/avis-des-clients-assemblage-et-installation-dun-gazebo\/\",\"url\":\"http:\/\/elytra-pavilion.com\/fr\/avis-des-clients-assemblage-et-installation-dun-gazebo\/\",\"name\":\"Avis des clients : Assemblage et installation d'un gazebo\",\"isPartOf\":{\"@id\":\"https:\/\/elytra-pavilion.com\/#website\"},\"datePublished\":\"2023-05-25T19:55:59+00:00\",\"dateModified\":\"2024-01-26T20:16:17+00:00\",\"breadcrumb\":{\"@id\":\"http:\/\/elytra-pavilion.com\/fr\/avis-des-clients-assemblage-et-installation-dun-gazebo\/#breadcrumb\"},\"inLanguage\":\"fr-FR\",\"potentialAction\":[{\"@type\":\"ReadAction\",\"target\":[\"http:\/\/elytra-pavilion.com\/fr\/avis-des-clients-assemblage-et-installation-dun-gazebo\/\"]}]},{\"@type\":\"BreadcrumbList\",\"@id\":\"http:\/\/elytra-pavilion.com\/fr\/avis-des-clients-assemblage-et-installation-dun-gazebo\/#breadcrumb\",\"itemListElement\":[{\"@type\":\"ListItem\",\"position\":1,\"name\":\"Accueil\",\"item\":\"https:\/\/elytra-pavilion.com\/fr\/\"},{\"@type\":\"ListItem\",\"position\":2,\"name\":\"Avis des clients : Assemblage et installation d&rsquo;un gazebo\"}]},{\"@type\":\"WebSite\",\"@id\":\"https:\/\/elytra-pavilion.com\/#website\",\"url\":\"https:\/\/elytra-pavilion.com\/\",\"name\":\"Gazebo Assembly &amp; Installation\",\"description\":\"\",\"potentialAction\":[{\"@type\":\"SearchAction\",\"target\":{\"@type\":\"EntryPoint\",\"urlTemplate\":\"https:\/\/elytra-pavilion.com\/?s={search_term_string}\"},\"query-input\":\"required name=search_term_string\"}],\"inLanguage\":\"fr-FR\"}]}<\/script>\n<!-- \/ Yoast SEO plugin. -->","yoast_head_json":{"title":"Avis des clients : Assemblage et installation d'un gazebo","robots":{"index":"index","follow":"follow","max-snippet":"max-snippet:-1","max-image-preview":"max-image-preview:large","max-video-preview":"max-video-preview:-1"},"canonical":"http:\/\/elytra-pavilion.com\/fr\/avis-des-clients-assemblage-et-installation-dun-gazebo\/","og_locale":"fr_FR","og_type":"article","og_title":"Avis des clients : Assemblage et installation d'un gazebo","og_description":"Bienvenue sur notre page d&rsquo;avis de clients sur l&rsquo;assemblage et l&rsquo;installation d&rsquo;un gazebo ! Nous sommes fiers de fournir d&rsquo;excellents services pour l&rsquo;assemblage et l&rsquo;installation de gazebos, de pergolas et d&rsquo;autres produits pour l&rsquo;arri\u00e8re-cour. Notre \u00e9quipe de professionnels est toujours pr\u00eate \u00e0 fournir des services d&rsquo;installation de haute qualit\u00e9 et \u00e0 am\u00e9liorer votre espace ext\u00e9rieur. [&hellip;]","og_url":"http:\/\/elytra-pavilion.com\/fr\/avis-des-clients-assemblage-et-installation-dun-gazebo\/","og_site_name":"Gazebo Assembly &amp; Installation","article_publisher":"https:\/\/www.youtube.com\/channel\/UCwc_3fWG5wJZzZoYmozmYIg","article_modified_time":"2024-01-26T20:16:17+00:00","twitter_card":"summary_large_image","twitter_site":"@MarkThomps2387","twitter_misc":{"Dur\u00e9e de lecture estim\u00e9e":"1 minute"},"schema":{"@context":"https:\/\/schema.org","@graph":[{"@type":"WebPage","@id":"http:\/\/elytra-pavilion.com\/fr\/avis-des-clients-assemblage-et-installation-dun-gazebo\/","url":"http:\/\/elytra-pavilion.com\/fr\/avis-des-clients-assemblage-et-installation-dun-gazebo\/","name":"Avis des clients : Assemblage et installation d'un gazebo","isPartOf":{"@id":"https:\/\/elytra-pavilion.com\/#website"},"datePublished":"2023-05-25T19:55:59+00:00","dateModified":"2024-01-26T20:16:17+00:00","breadcrumb":{"@id":"http:\/\/elytra-pavilion.com\/fr\/avis-des-clients-assemblage-et-installation-dun-gazebo\/#breadcrumb"},"inLanguage":"fr-FR","potentialAction":[{"@type":"ReadAction","target":["http:\/\/elytra-pavilion.com\/fr\/avis-des-clients-assemblage-et-installation-dun-gazebo\/"]}]},{"@type":"BreadcrumbList","@id":"http:\/\/elytra-pavilion.com\/fr\/avis-des-clients-assemblage-et-installation-dun-gazebo\/#breadcrumb","itemListElement":[{"@type":"ListItem","position":1,"name":"Accueil","item":"https:\/\/elytra-pavilion.com\/fr\/"},{"@type":"ListItem","position":2,"name":"Avis des clients : Assemblage et installation d&rsquo;un gazebo"}]},{"@type":"WebSite","@id":"https:\/\/elytra-pavilion.com\/#website","url":"https:\/\/elytra-pavilion.com\/","name":"Gazebo Assembly &amp; Installation","description":"","potentialAction":[{"@type":"SearchAction","target":{"@type":"EntryPoint","urlTemplate":"https:\/\/elytra-pavilion.com\/?s={search_term_string}"},"query-input":"required name=search_term_string"}],"inLanguage":"fr-FR"}]}},"_links":{"self":[{"href":"https:\/\/elytra-pavilion.com\/fr\/wp-json\/wp\/v2\/pages\/438","targetHints":{"allow":["GET"]}}],"collection":[{"href":"https:\/\/elytra-pavilion.com\/fr\/wp-json\/wp\/v2\/pages"}],"about":[{"href":"https:\/\/elytra-pavilion.com\/fr\/wp-json\/wp\/v2\/types\/page"}],"author":[{"embeddable":true,"href":"https:\/\/elytra-pavilion.com\/fr\/wp-json\/wp\/v2\/users\/1"}],"replies":[{"embeddable":true,"href":"https:\/\/elytra-pavilion.com\/fr\/wp-json\/wp\/v2\/comments?post=438"}],"version-history":[{"count":1,"href":"https:\/\/elytra-pavilion.com\/fr\/wp-json\/wp\/v2\/pages\/438\/revisions"}],"predecessor-version":[{"id":439,"href":"https:\/\/elytra-pavilion.com\/fr\/wp-json\/wp\/v2\/pages\/438\/revisions\/439"}],"wp:attachment":[{"href":"https:\/\/elytra-pavilion.com\/fr\/wp-json\/wp\/v2\/media?parent=438"}],"curies":[{"name":"wp","href":"https:\/\/api.w.org\/{rel}","templated":true}]}}