{"id":440,"date":"2023-05-24T22:44:31","date_gmt":"2023-05-24T19:44:31","guid":{"rendered":"https:\/\/gazebo-installation.com\/nous-contacter\/"},"modified":"2024-01-26T23:16:29","modified_gmt":"2024-01-26T20:16:29","slug":"nous-contacter","status":"publish","type":"page","link":"https:\/\/elytra-pavilion.com\/fr\/nous-contacter\/","title":{"rendered":"Nous contacter"},"content":{"rendered":"\n<p>Bienvenue sur notre page de contact ! Si vous avez des questions ou des commentaires sur nos services, nous serions ravis de les entendre.<\/p>\n\n<p>Notre \u00e9quipe s&rsquo;attache \u00e0 fournir un excellent service \u00e0 la client\u00e8le, et nous sommes toujours heureux de vous aider. Que vous ayez des questions sur nos produits, que vous ayez besoin de plus d&rsquo;informations sur notre processus d&rsquo;installation ou que vous souhaitiez prendre rendez-vous, notre \u00e9quipe est l\u00e0 pour vous aider.<\/p>\n\n<p>Vous pouvez nous contacter par t\u00e9l\u00e9phone, par e-mail ou en remplissant le formulaire ci-dessous. Nous vous r\u00e9pondrons dans les plus brefs d\u00e9lais et ferons de notre mieux pour r\u00e9pondre \u00e0 vos questions.<\/p>\n\n<p>Nous vous remercions d&rsquo;avoir pens\u00e9 \u00e0 notre entreprise pour vos besoins en mati\u00e8re d&rsquo;installation ext\u00e9rieure. Nous attendons avec impatience votre r\u00e9ponse !<\/p>\n\n<b>NOTRE CONTACT<\/b><br\/><div class=\"phone\"><a href=\"tel:8338332919\">(833) 833-2919<\/a><\/div>\nAssistance par courrier \u00e9lectronique :<br\/>\ninfo@gazebo-installation.com<br\/>\n1126 Falls Terr, Union NJ 07083\n\n<div style=\"height:100px\" aria-hidden=\"true\" class=\"wp-block-spacer\"><\/div>\n\n<div class=\"wp-block-contact-form-7-contact-form-selector\">\n<div class=\"wpcf7 no-js\" id=\"wpcf7-f35-o1\" lang=\"en-US\" dir=\"ltr\">\n<div class=\"screen-reader-response\"><p role=\"status\" aria-live=\"polite\" aria-atomic=\"true\"><\/p> <ul><\/ul><\/div>\n<form action=\"\/fr\/wp-json\/wp\/v2\/pages\/440#wpcf7-f35-o1\" method=\"post\" class=\"wpcf7-form init\" aria-label=\"Contact form\" novalidate=\"novalidate\" data-status=\"init\">\n<div style=\"display: none;\">\n<input type=\"hidden\" name=\"_wpcf7\" value=\"35\" \/>\n<input type=\"hidden\" name=\"_wpcf7_version\" value=\"5.9\" \/>\n<input type=\"hidden\" name=\"_wpcf7_locale\" value=\"en_US\" \/>\n<input type=\"hidden\" name=\"_wpcf7_unit_tag\" value=\"wpcf7-f35-o1\" \/>\n<input type=\"hidden\" name=\"_wpcf7_container_post\" value=\"0\" \/>\n<input type=\"hidden\" name=\"_wpcf7_posted_data_hash\" value=\"\" \/>\n<\/div>\n<p><label> Your name<br \/>\n<span class=\"wpcf7-form-control-wrap\" data-name=\"your-name\"><input size=\"40\" class=\"wpcf7-form-control wpcf7-text wpcf7-validates-as-required\" autocomplete=\"name\" aria-required=\"true\" aria-invalid=\"false\" value=\"\" type=\"text\" name=\"your-name\" \/><\/span> <\/label>\n<\/p>\n<p><label> Your e-mail<br \/>\n<span class=\"wpcf7-form-control-wrap\" data-name=\"your-email\"><input size=\"40\" class=\"wpcf7-form-control wpcf7-email wpcf7-validates-as-required wpcf7-text wpcf7-validates-as-email\" autocomplete=\"email\" aria-required=\"true\" aria-invalid=\"false\" value=\"\" type=\"email\" name=\"your-email\" \/><\/span> <\/label>\n<\/p>\n<p><label> Subject<br \/>\n<span class=\"wpcf7-form-control-wrap\" data-name=\"your-subject\"><input size=\"40\" class=\"wpcf7-form-control wpcf7-text wpcf7-validates-as-required\" aria-required=\"true\" aria-invalid=\"false\" value=\"\" type=\"text\" name=\"your-subject\" \/><\/span> <\/label>\n<\/p>\n<p><label> Your message (optional)<br \/>\n<span class=\"wpcf7-form-control-wrap\" data-name=\"your-message\"><textarea cols=\"40\" rows=\"10\" class=\"wpcf7-form-control wpcf7-textarea\" aria-invalid=\"false\" name=\"your-message\"><\/textarea><\/span> <\/label>\n<\/p>\n<p><input class=\"wpcf7-form-control wpcf7-submit has-spinner\" type=\"submit\" value=\"Send\" \/>\n<\/p><div class=\"wpcf7-response-output\" aria-hidden=\"true\"><\/div>\n<\/form>\n<\/div>\n<\/div>\n\n<iframe src=\"https:\/\/www.google.com\/maps\/embed?pb=!1m18!1m12!1m3!1d3024.817944236937!2d-74.27550172350647!3d40.70000703834887!2m3!1f0!2f0!3f0!3m2!1i1024!2i768!4f13.1!3m3!1m2!1s0x89c3ada3afdfccd7%3A0x1f46ae9d2dfcb808!2zMTEyNiBGYWxscyBUZXJyYWNlLCBVbmlvbiwgTkogMDcwODMsINCh0KjQkA!5e0!3m2!1sru!2sby!4v1686667376193!5m2!1sru!2sby\" width=\"600\" height=\"450\" style=\"border:0;\" allowfullscreen=\"\" loading=\"lazy\" referrerpolicy=\"no-referrer-when-downgrade\"><\/iframe>\n","protected":false},"excerpt":{"rendered":"<p>Bienvenue sur notre page de contact ! Si vous avez des questions ou des commentaires sur nos services, nous serions ravis de les entendre. Notre \u00e9quipe s&rsquo;attache \u00e0 fournir un excellent service \u00e0 la client\u00e8le, et nous sommes toujours heureux de vous aider. Que vous ayez des questions sur nos produits, que vous ayez besoin [&hellip;]<\/p>\n","protected":false},"author":1,"featured_media":0,"parent":0,"menu_order":0,"comment_status":"closed","ping_status":"closed","template":"","meta":{"_glsr_average":0,"_glsr_ranking":0,"_glsr_reviews":0,"footnotes":""},"class_list":["post-440","page","type-page","status-publish",""],"yoast_head":"<!-- This site is optimized with the Yoast SEO plugin v22.2 - https:\/\/yoast.com\/wordpress\/plugins\/seo\/ -->\n<title>Nous contacter<\/title>\n<meta name=\"robots\" content=\"index, follow, max-snippet:-1, max-image-preview:large, max-video-preview:-1\" \/>\n<link rel=\"canonical\" href=\"https:\/\/elytra-pavilion.com\/fr\/nous-contacter\/\" \/>\n<meta property=\"og:locale\" content=\"fr_FR\" \/>\n<meta property=\"og:type\" content=\"article\" \/>\n<meta property=\"og:title\" content=\"Nous contacter\" \/>\n<meta property=\"og:description\" content=\"Bienvenue sur notre page de contact ! Si vous avez des questions ou des commentaires sur nos services, nous serions ravis de les entendre. Notre \u00e9quipe s&rsquo;attache \u00e0 fournir un excellent service \u00e0 la client\u00e8le, et nous sommes toujours heureux de vous aider. Que vous ayez des questions sur nos produits, que vous ayez besoin [&hellip;]\" \/>\n<meta property=\"og:url\" content=\"https:\/\/elytra-pavilion.com\/fr\/nous-contacter\/\" \/>\n<meta property=\"og:site_name\" content=\"Gazebo Assembly &amp; Installation\" \/>\n<meta property=\"article:publisher\" content=\"https:\/\/www.youtube.com\/channel\/UCwc_3fWG5wJZzZoYmozmYIg\" \/>\n<meta property=\"article:modified_time\" content=\"2024-01-26T20:16:29+00:00\" \/>\n<meta name=\"twitter:card\" content=\"summary_large_image\" \/>\n<meta name=\"twitter:site\" content=\"@MarkThomps2387\" \/>\n<meta name=\"twitter:label1\" content=\"Dur\u00e9e de lecture estim\u00e9e\" \/>\n\t<meta name=\"twitter:data1\" content=\"1 minute\" \/>\n<script type=\"application\/ld+json\" class=\"yoast-schema-graph\">{\"@context\":\"https:\/\/schema.org\",\"@graph\":[{\"@type\":\"WebPage\",\"@id\":\"https:\/\/elytra-pavilion.com\/fr\/nous-contacter\/\",\"url\":\"https:\/\/elytra-pavilion.com\/fr\/nous-contacter\/\",\"name\":\"Nous contacter\",\"isPartOf\":{\"@id\":\"https:\/\/elytra-pavilion.com\/#website\"},\"datePublished\":\"2023-05-24T19:44:31+00:00\",\"dateModified\":\"2024-01-26T20:16:29+00:00\",\"breadcrumb\":{\"@id\":\"https:\/\/elytra-pavilion.com\/fr\/nous-contacter\/#breadcrumb\"},\"inLanguage\":\"fr-FR\",\"potentialAction\":[{\"@type\":\"ReadAction\",\"target\":[\"https:\/\/elytra-pavilion.com\/fr\/nous-contacter\/\"]}]},{\"@type\":\"BreadcrumbList\",\"@id\":\"https:\/\/elytra-pavilion.com\/fr\/nous-contacter\/#breadcrumb\",\"itemListElement\":[{\"@type\":\"ListItem\",\"position\":1,\"name\":\"Accueil\",\"item\":\"https:\/\/elytra-pavilion.com\/fr\/\"},{\"@type\":\"ListItem\",\"position\":2,\"name\":\"Nous contacter\"}]},{\"@type\":\"WebSite\",\"@id\":\"https:\/\/elytra-pavilion.com\/#website\",\"url\":\"https:\/\/elytra-pavilion.com\/\",\"name\":\"Gazebo Assembly &amp; Installation\",\"description\":\"\",\"potentialAction\":[{\"@type\":\"SearchAction\",\"target\":{\"@type\":\"EntryPoint\",\"urlTemplate\":\"https:\/\/elytra-pavilion.com\/?s={search_term_string}\"},\"query-input\":\"required name=search_term_string\"}],\"inLanguage\":\"fr-FR\"}]}<\/script>\n<!-- \/ Yoast SEO plugin. -->","yoast_head_json":{"title":"Nous contacter","robots":{"index":"index","follow":"follow","max-snippet":"max-snippet:-1","max-image-preview":"max-image-preview:large","max-video-preview":"max-video-preview:-1"},"canonical":"https:\/\/elytra-pavilion.com\/fr\/nous-contacter\/","og_locale":"fr_FR","og_type":"article","og_title":"Nous contacter","og_description":"Bienvenue sur notre page de contact ! Si vous avez des questions ou des commentaires sur nos services, nous serions ravis de les entendre. Notre \u00e9quipe s&rsquo;attache \u00e0 fournir un excellent service \u00e0 la client\u00e8le, et nous sommes toujours heureux de vous aider. Que vous ayez des questions sur nos produits, que vous ayez besoin [&hellip;]","og_url":"https:\/\/elytra-pavilion.com\/fr\/nous-contacter\/","og_site_name":"Gazebo Assembly &amp; Installation","article_publisher":"https:\/\/www.youtube.com\/channel\/UCwc_3fWG5wJZzZoYmozmYIg","article_modified_time":"2024-01-26T20:16:29+00:00","twitter_card":"summary_large_image","twitter_site":"@MarkThomps2387","twitter_misc":{"Dur\u00e9e de lecture estim\u00e9e":"1 minute"},"schema":{"@context":"https:\/\/schema.org","@graph":[{"@type":"WebPage","@id":"https:\/\/elytra-pavilion.com\/fr\/nous-contacter\/","url":"https:\/\/elytra-pavilion.com\/fr\/nous-contacter\/","name":"Nous contacter","isPartOf":{"@id":"https:\/\/elytra-pavilion.com\/#website"},"datePublished":"2023-05-24T19:44:31+00:00","dateModified":"2024-01-26T20:16:29+00:00","breadcrumb":{"@id":"https:\/\/elytra-pavilion.com\/fr\/nous-contacter\/#breadcrumb"},"inLanguage":"fr-FR","potentialAction":[{"@type":"ReadAction","target":["https:\/\/elytra-pavilion.com\/fr\/nous-contacter\/"]}]},{"@type":"BreadcrumbList","@id":"https:\/\/elytra-pavilion.com\/fr\/nous-contacter\/#breadcrumb","itemListElement":[{"@type":"ListItem","position":1,"name":"Accueil","item":"https:\/\/elytra-pavilion.com\/fr\/"},{"@type":"ListItem","position":2,"name":"Nous contacter"}]},{"@type":"WebSite","@id":"https:\/\/elytra-pavilion.com\/#website","url":"https:\/\/elytra-pavilion.com\/","name":"Gazebo Assembly &amp; Installation","description":"","potentialAction":[{"@type":"SearchAction","target":{"@type":"EntryPoint","urlTemplate":"https:\/\/elytra-pavilion.com\/?s={search_term_string}"},"query-input":"required name=search_term_string"}],"inLanguage":"fr-FR"}]}},"_links":{"self":[{"href":"https:\/\/elytra-pavilion.com\/fr\/wp-json\/wp\/v2\/pages\/440","targetHints":{"allow":["GET"]}}],"collection":[{"href":"https:\/\/elytra-pavilion.com\/fr\/wp-json\/wp\/v2\/pages"}],"about":[{"href":"https:\/\/elytra-pavilion.com\/fr\/wp-json\/wp\/v2\/types\/page"}],"author":[{"embeddable":true,"href":"https:\/\/elytra-pavilion.com\/fr\/wp-json\/wp\/v2\/users\/1"}],"replies":[{"embeddable":true,"href":"https:\/\/elytra-pavilion.com\/fr\/wp-json\/wp\/v2\/comments?post=440"}],"version-history":[{"count":1,"href":"https:\/\/elytra-pavilion.com\/fr\/wp-json\/wp\/v2\/pages\/440\/revisions"}],"predecessor-version":[{"id":441,"href":"https:\/\/elytra-pavilion.com\/fr\/wp-json\/wp\/v2\/pages\/440\/revisions\/441"}],"wp:attachment":[{"href":"https:\/\/elytra-pavilion.com\/fr\/wp-json\/wp\/v2\/media?parent=440"}],"curies":[{"name":"wp","href":"https:\/\/api.w.org\/{rel}","templated":true}]}}